{"id":19375,"date":"2026-05-07T12:59:21","date_gmt":"2026-05-07T16:59:21","guid":{"rendered":"https:\/\/wihdatec.com\/gestion-des-annonces\/"},"modified":"2026-05-07T13:43:44","modified_gmt":"2026-05-07T17:43:44","slug":"gestion-des-annonces","status":"publish","type":"page","link":"https:\/\/wihdatec.com\/ar\/gestion-des-annonces\/","title":{"rendered":"\u062f\u0644\u064a\u0644 \u0625\u0639\u0644\u0627\u0646"},"content":{"rendered":"<div class=\"wpb-content-wrapper\"><p>[vc_row][vc_column width=\"1\/3\"][\/vc_column][vc_column width=\"1\/3\"][vc_column_text css=\"\"]<section class=\"ac-container\" container_id=\"582068321\" id=\"582068321\"><form id=\"live-search\" action=\"#\" class=\"bwl-faq-search-panel\" method=\"post\" data-paginate=\"1\" data-search_only_title=\"0\" data-pag_limit=\"5\" data-unique_id=582068321 data-form_id=\"582068321\">\n                        <fieldset>\n                            <input type=\"text\" class=\"search_icon text-input baf_filter_list baf_filter_list\" id=\"bwl_filter_582068321\" value=\"\" placeholder=\"Search...\" data-highlight_color=\"#000000\" data-highlight_bg=\"#FDE990\" >\n                                <span class=\"baf-btn-clear baf_dn\"><\/span>\n                                <span id=\"bwl-filter-message-582068321\" class=\"bwl-filter-message\"><\/span>\n                        <\/fieldset>\n                        \n                    <\/form><div class=\"baf_taxonomy_info_container\"><h2>Gestions des annonces<\/h2><\/div><section class=\"ac-container\" container_id=\"3295269376\" id=\"3295269376\"><section class=\"baf_custom_style section_baf_3295269376 ac-container\" container_id=\"3295269376\" data-first_color=\"#FFFFFF\" data-second_color=\"#EAEAEA\" data-label_text_color=\"#777777\" data-accordion_arrow=\"f062\" data-row_open=\"\" data-schema=\"1\" ><div class=\"bwl-faq-container bwl-faq-container-3295269376\" id=\"faq-19458\"><label class=\"baf_schema\" label_id=\"ac-category-19458\" parent_container_id=\"3295269376\">\u0644\u0627\u0641\u062a\u0627\u062a \u0625\u0639\u0644\u0627\u0646\u064a\u0629<\/label><input id=\"ac-category-329526937619458\" name=\"accordion-1\" type=\"checkbox\"><article class=\"ac-medium\" article_id=\"ac-category-19458\"><div class=\"baf_content\">\n<p>- \u0627\u0644\u062f\u0644\u064a\u0644 \u0633\u064a\u0643\u0648\u0646 \u0645\u062a\u0627\u062d\u0627\u064b \u0642\u0631\u064a\u0628\u0627\u064b<\/p>\n\n<p><\/p>\n<\/div><\/article><\/div><div class=\"bwl-faq-container bwl-faq-container-3295269376\" id=\"faq-19452\"><label class=\"baf_schema\" label_id=\"ac-category-19452\" parent_container_id=\"3295269376\">\u0627\u062e\u062a\u064a\u0627\u0631 \u0627\u0644\u0628\u0627\u0642\u0629<\/label><input id=\"ac-category-329526937619452\" name=\"accordion-1\" type=\"checkbox\"><article class=\"ac-medium\" article_id=\"ac-category-19452\"><div class=\"baf_content\">\n<p>- \u0627\u0644\u062f\u0644\u064a\u0644 \u0633\u064a\u0643\u0648\u0646 \u0645\u062a\u0627\u062d\u0627\u064b \u0642\u0631\u064a\u0628\u0627\u064b<\/p>\n\n<p><\/p>\n<\/div><\/article><\/div><div class=\"bwl-faq-container bwl-faq-container-3295269376\" id=\"faq-19371\"><label class=\"baf_schema\" label_id=\"ac-category-19371\" parent_container_id=\"3295269376\">\u0643\u064a\u0641\u064a\u0629 \u0646\u0634\u0631 \u0625\u0639\u0644\u0627\u0646?<\/label><input id=\"ac-category-329526937619371\" name=\"accordion-1\" type=\"checkbox\"><article class=\"ac-medium\" article_id=\"ac-category-19371\"><div class=\"baf_content\">\n<h3 dir=\"rtl\">WihdaTec Pro - \u062f\u0644\u064a\u0644 \u0625\u0636\u0627\u0641\u0629 \u0625\u0639\u0644\u0627\u0646 [cite: 1]<\/h3>\n\n<h4 dir=\"rtl\">1. \u0625\u0646\u0634\u0627\u0621 \u0627\u0644\u062d\u0633\u0627\u0628 [cite: 2]<\/h4>\n<p dir=\"rtl\">\u0627\u0644\u062a\u0633\u062c\u064a\u0644 \u0639\u0628\u0631 \u0627\u0644\u0628\u0631\u064a\u062f \u0627\u0644\u0625\u0644\u0643\u062a\u0631\u0648\u0646\u064a \u0623\u0648 \u062c\u0648\u062c\u0644 \u0623\u0648 \u0641\u064a\u0633\u0628\u0648\u0643 \u0623\u0648 \u062d\u0633\u0627\u0628 Wihda Tec Pro. \u0628\u0639\u062f \u0627\u0644\u062a\u0633\u062c\u064a\u0644\u060c \u062a\u0641\u0639\u064a\u0644 \u0627\u0644\u0628\u0631\u064a\u062f \u0627\u0644\u0625\u0644\u0643\u062a\u0631\u0648\u0646\u064a \u0625\u0644\u0632\u0627\u0645\u064a. [cite: 3]<\/p>\n\n<h4 dir=\"rtl\">2. \u0625\u0636\u0627\u0641\u0629 \u0625\u0639\u0644\u0627\u0646 [cite: 4]<\/h4>\n<p dir=\"rtl\">\u0627\u0646\u0642\u0631 \u0639\u0644\u0649 +\u0625\u0639\u0644\u0627\u0646 \u062b\u0645 \u0642\u0645 \u0628\u062a\u0633\u062c\u064a\u0644 \u0627\u0644\u062f\u062e\u0648\u0644. \u0627\u0645\u0644\u0623 \u0646\u0645\u0648\u0630\u062c \u0627\u0644\u0625\u0639\u0644\u0627\u0646. [cite: 5]<\/p>\n\n<h4 dir=\"rtl\">3. \u0627\u0644\u062d\u0642\u0648\u0644 \u0627\u0644\u0625\u0644\u0632\u0627\u0645\u064a\u0629 [cite: 6]<\/h4>\n<ul dir=\"rtl\">\n    <li>\u0639\u0646\u0648\u0627\u0646 \u0627\u0644\u0625\u0639\u0644\u0627\u0646 [cite: 7]<\/li>\n    <li>\u0627\u0644\u0641\u0626\u0629 [cite: 8]<\/li>\n    <li>\u0627\u0644\u0647\u0627\u062a\u0641 [cite: 9]<\/li>\n    <li>\u0627\u0644\u0648\u0635\u0641 [cite: 10]<\/li>\n    <li>\u0627\u0644\u0628\u0631\u064a\u062f \u0627\u0644\u0625\u0644\u0643\u062a\u0631\u0648\u0646\u064a \u0644\u0644\u062a\u0648\u0627\u0635\u0644 [cite: 11]<\/li>\n    <li>\u0627\u0644\u0645\u0648\u0642\u0639 \u0648\u0627\u0644\u0628\u0644\u062f [cite: 12]<\/li>\n    <li>\u0627\u0644\u0645\u062f\u064a\u0646\u0629 [cite: 13]<\/li>\n<\/ul>\n\n<h4 dir=\"rtl\">4. \u0627\u0644\u062d\u0642\u0648\u0644 \u0627\u0644\u0645\u0648\u0635\u0649 \u0628\u0647\u0627 [cite: 14]<\/h4>\n<ul dir=\"rtl\">\n    <li>\u0627\u0644\u0639\u0644\u0627\u0645\u0627\u062a \u0648\u0627\u0644\u0643\u0644\u0645\u0627\u062a \u0627\u0644\u0631\u0626\u064a\u0633\u064a\u0629 [cite: 15]<\/li>\n    <li>\u0627\u0644\u0639\u0645\u0644\u0629 [cite: 16]<\/li>\n    <li>\u0627\u0644\u0645\u0646\u0637\u0642\u0629 \u0627\u0644\u0632\u0645\u0646\u064a\u0629 [cite: 17]<\/li>\n    <li>\u0633\u0627\u0639\u0627\u062a \u0627\u0644\u0639\u0645\u0644 [cite: 18]<\/li>\n<\/ul>\n\n<h4 dir=\"rtl\">5. \u0627\u0644\u0635\u0648\u0631 [cite: 19]<\/h4>\n<p dir=\"rtl\">\u0627\u0644\u0635\u0648\u0631\u0629 \u0627\u0644\u0631\u0626\u064a\u0633\u064a\u0629: \u0627\u0644\u062d\u062f \u0627\u0644\u0623\u062f\u0646\u0649 750x450 \u0628\u0643\u0633\u0644 (\u064a\u0648\u0635\u0649 \u0628\u0640 1200x630 \u0628\u0643\u0633\u0644 \u0644\u0641\u064a\u0633\u0628\u0648\u0643).<br>\n\u0627\u0644\u062d\u062f \u0627\u0644\u0623\u0642\u0635\u0649 1 \u0645\u064a\u062c\u0627\u0628\u0627\u064a\u062a \u0644\u0643\u0644 \u0635\u0648\u0631\u0629. [cite: 20]<\/p>\n\n<h4 dir=\"rtl\">6. \u0627\u0644\u062a\u0623\u0643\u064a\u062f [cite: 21]<\/h4>\n<p dir=\"rtl\">\u062d\u062f\u062f \"\u0623\u0648\u0627\u0641\u0642 \u0639\u0644\u0649 \u0627\u0644\u0634\u0631\u0648\u0637 \u0648\u0627\u0644\u0623\u062d\u0643\u0627\u0645\" \u062b\u0645 \u0645\u0639\u0627\u064a\u0646\u0629. [cite: 22]<\/p>\n\n\n\n<p><\/p>\n<\/div><\/article><\/div><\/section><\/section><\/section>[\/vc_column_text][\/vc_column][vc_column width=\"1\/3\"][\/vc_column][\/vc_row]<\/p>\n<\/div>","protected":false},"excerpt":{"rendered":"<p>[vc_row][vc_column width=\"1\/3\"][\/vc_column][vc_column width=\"1\/3\"][vc_column_text css=\"\"][\/vc_column_text][\/vc_column][vc_column width=\"1\/3\"][\/vc_column][\/vc_row]<\/p>\n","protected":false},"author":1,"featured_media":-3,"parent":0,"menu_order":0,"comment_status":"closed","ping_status":"closed","template":"page-home.php","meta":{"rs_blank_template":"","rs_page_bg_color":"","slide_template_v7":"","footnotes":""},"class_list":["post-19375","page","type-page","status-publish","has-post-thumbnail","hentry"],"yoast_head":"<!-- This site is optimized with the Yoast SEO Premium plugin v27.3 (Yoast SEO v27.3) - https:\/\/yoast.com\/product\/yoast-seo-premium-wordpress\/ -->\n<title>\u062f\u0644\u064a\u0644 \u0625\u0639\u0644\u0627\u0646 - Wihda Tec Pro WIHDATEC PORTAIL DE R\u00c9SEAU D&#039;AFFAIRES MAGHR\u00c9BIN ET INTL<\/title>\n<meta name=\"description\" content=\"Annonces class\u00e9es et annuaire des entreprises magribines local et Internationnal choix de la cat\u00e9gories et Multi-devise, et plus\" \/>\n<meta name=\"robots\" content=\"index, follow, max-snippet:-1, max-image-preview:large, max-video-preview:-1\" \/>\n<link rel=\"canonical\" href=\"https:\/\/wihdatec.com\/ar\/gestion-des-annonces\/\" \/>\n<meta property=\"og:locale\" content=\"ar_AR\" \/>\n<meta property=\"og:type\" content=\"article\" \/>\n<meta property=\"og:title\" content=\"\u062f\u0644\u064a\u0644 \u0625\u0639\u0644\u0627\u0646\" \/>\n<meta property=\"og:description\" content=\"Annonces class\u00e9es et annuaire des entreprises magribines local et Internationnal choix de la cat\u00e9gories et Multi-devise, et plus\" \/>\n<meta property=\"og:url\" content=\"https:\/\/wihdatec.com\/ar\/gestion-des-annonces\/\" \/>\n<meta property=\"og:site_name\" content=\"Wihda Tec Pro\" \/>\n<meta property=\"article:publisher\" content=\"https:\/\/www.facebook.com\/wihdatecpro\" \/>\n<meta property=\"article:modified_time\" content=\"2026-05-07T17:43:44+00:00\" \/>\n<meta name=\"twitter:card\" content=\"summary_large_image\" \/>\n<meta name=\"twitter:label1\" content=\"\u0648\u0642\u062a \u0627\u0644\u0642\u0631\u0627\u0621\u0629 \u0627\u0644\u0645\u064f\u0642\u062f\u0651\u0631\" \/>\n\t<meta name=\"twitter:data1\" content=\"1 \u062f\u0642\u064a\u0642\u0629\" \/>\n<script type=\"application\/ld+json\" class=\"yoast-schema-graph\">{\"@context\":\"https:\\\/\\\/schema.org\",\"@graph\":[{\"@type\":\"WebPage\",\"@id\":\"https:\\\/\\\/wihdatec.com\\\/ar\\\/gestion-des-annonces\\\/\",\"url\":\"https:\\\/\\\/wihdatec.com\\\/ar\\\/gestion-des-annonces\\\/\",\"name\":\"\u062f\u0644\u064a\u0644 \u0625\u0639\u0644\u0627\u0646 - Wihda Tec Pro WIHDATEC PORTAIL DE R\u00c9SEAU D'AFFAIRES MAGHR\u00c9BIN ET INTL\",\"isPartOf\":{\"@id\":\"https:\\\/\\\/wihdatec.com\\\/ar\\\/#website\"},\"datePublished\":\"2026-05-07T16:59:21+00:00\",\"dateModified\":\"2026-05-07T17:43:44+00:00\",\"description\":\"Annonces class\u00e9es et annuaire des entreprises magribines local et Internationnal choix de la cat\u00e9gories et Multi-devise, et plus\",\"breadcrumb\":{\"@id\":\"https:\\\/\\\/wihdatec.com\\\/ar\\\/gestion-des-annonces\\\/#breadcrumb\"},\"inLanguage\":\"ar\",\"potentialAction\":[{\"@type\":\"ReadAction\",\"target\":[\"https:\\\/\\\/wihdatec.com\\\/ar\\\/gestion-des-annonces\\\/\"]}]},{\"@type\":\"BreadcrumbList\",\"@id\":\"https:\\\/\\\/wihdatec.com\\\/ar\\\/gestion-des-annonces\\\/#breadcrumb\",\"itemListElement\":[{\"@type\":\"ListItem\",\"position\":1,\"name\":\"Home\",\"item\":\"https:\\\/\\\/wihdatec.com\\\/ar\\\/\"},{\"@type\":\"ListItem\",\"position\":2,\"name\":\"\u062f\u0644\u064a\u0644 \u0625\u0639\u0644\u0627\u0646\"}]},{\"@type\":\"WebSite\",\"@id\":\"https:\\\/\\\/wihdatec.com\\\/ar\\\/#website\",\"url\":\"https:\\\/\\\/wihdatec.com\\\/ar\\\/\",\"name\":\"WIHDA TEC PRO\",\"description\":\"ANNUAIRE ET ANNONCES  PRO.\",\"publisher\":{\"@id\":\"https:\\\/\\\/wihdatec.com\\\/ar\\\/#organization\"},\"potentialAction\":[{\"@type\":\"SearchAction\",\"target\":{\"@type\":\"EntryPoint\",\"urlTemplate\":\"https:\\\/\\\/wihdatec.com\\\/ar\\\/?s={search_term_string}\"},\"query-input\":{\"@type\":\"PropertyValueSpecification\",\"valueRequired\":true,\"valueName\":\"search_term_string\"}}],\"inLanguage\":\"ar\"},{\"@type\":[\"Organization\",\"Place\"],\"@id\":\"https:\\\/\\\/wihdatec.com\\\/ar\\\/#organization\",\"name\":\"WIHDA TEC PRO\",\"url\":\"https:\\\/\\\/wihdatec.com\\\/ar\\\/\",\"logo\":{\"@id\":\"https:\\\/\\\/wihdatec.com\\\/ar\\\/gestion-des-annonces\\\/#local-main-organization-logo\"},\"image\":{\"@id\":\"https:\\\/\\\/wihdatec.com\\\/ar\\\/gestion-des-annonces\\\/#local-main-organization-logo\"},\"sameAs\":[\"https:\\\/\\\/www.facebook.com\\\/wihdatecpro\"],\"hasMerchantReturnPolicy\":{\"@type\":\"MerchantReturnPolicy\",\"merchantReturnLink\":\"https:\\\/\\\/wihdatec.com\\\/politique-de-confidentialite\\\/\"},\"telephone\":[],\"openingHoursSpecification\":[{\"@type\":\"OpeningHoursSpecification\",\"dayOfWeek\":[\"Monday\",\"Tuesday\",\"Wednesday\",\"Thursday\",\"Friday\",\"Saturday\",\"Sunday\"],\"opens\":\"09:00\",\"closes\":\"17:00\"}]},{\"@type\":\"ImageObject\",\"inLanguage\":\"ar\",\"@id\":\"https:\\\/\\\/wihdatec.com\\\/ar\\\/gestion-des-annonces\\\/#local-main-organization-logo\",\"url\":\"https:\\\/\\\/wihdatec.com\\\/wp-content\\\/uploads\\\/2024\\\/08\\\/logo-wpro-gem-212-35-00.png\",\"contentUrl\":\"https:\\\/\\\/wihdatec.com\\\/wp-content\\\/uploads\\\/2024\\\/08\\\/logo-wpro-gem-212-35-00.png\",\"width\":212,\"height\":35,\"caption\":\"WIHDA TEC PRO\"}]}<\/script>\n<!-- \/ Yoast SEO Premium plugin. -->","yoast_head_json":{"title":"\u062f\u0644\u064a\u0644 \u0625\u0639\u0644\u0627\u0646 - Wihda Tec Pro WIHDATEC PORTAIL DE R\u00c9SEAU D'AFFAIRES MAGHR\u00c9BIN ET INTL","description":"Annonces class\u00e9es et annuaire des entreprises magribines local et Internationnal choix de la cat\u00e9gories et Multi-devise, et plus","robots":{"index":"index","follow":"follow","max-snippet":"max-snippet:-1","max-image-preview":"max-image-preview:large","max-video-preview":"max-video-preview:-1"},"canonical":"https:\/\/wihdatec.com\/ar\/gestion-des-annonces\/","og_locale":"ar_AR","og_type":"article","og_title":"\u062f\u0644\u064a\u0644 \u0625\u0639\u0644\u0627\u0646","og_description":"Annonces class\u00e9es et annuaire des entreprises magribines local et Internationnal choix de la cat\u00e9gories et Multi-devise, et plus","og_url":"https:\/\/wihdatec.com\/ar\/gestion-des-annonces\/","og_site_name":"Wihda Tec Pro","article_publisher":"https:\/\/www.facebook.com\/wihdatecpro","article_modified_time":"2026-05-07T17:43:44+00:00","twitter_card":"summary_large_image","twitter_misc":{"\u0648\u0642\u062a \u0627\u0644\u0642\u0631\u0627\u0621\u0629 \u0627\u0644\u0645\u064f\u0642\u062f\u0651\u0631":"1 \u062f\u0642\u064a\u0642\u0629"},"schema":{"@context":"https:\/\/schema.org","@graph":[{"@type":"WebPage","@id":"https:\/\/wihdatec.com\/ar\/gestion-des-annonces\/","url":"https:\/\/wihdatec.com\/ar\/gestion-des-annonces\/","name":"\u062f\u0644\u064a\u0644 \u0625\u0639\u0644\u0627\u0646 - Wihda Tec Pro WIHDATEC PORTAIL DE R\u00c9SEAU D'AFFAIRES MAGHR\u00c9BIN ET INTL","isPartOf":{"@id":"https:\/\/wihdatec.com\/ar\/#website"},"datePublished":"2026-05-07T16:59:21+00:00","dateModified":"2026-05-07T17:43:44+00:00","description":"Annonces class\u00e9es et annuaire des entreprises magribines local et Internationnal choix de la cat\u00e9gories et Multi-devise, et plus","breadcrumb":{"@id":"https:\/\/wihdatec.com\/ar\/gestion-des-annonces\/#breadcrumb"},"inLanguage":"ar","potentialAction":[{"@type":"ReadAction","target":["https:\/\/wihdatec.com\/ar\/gestion-des-annonces\/"]}]},{"@type":"BreadcrumbList","@id":"https:\/\/wihdatec.com\/ar\/gestion-des-annonces\/#breadcrumb","itemListElement":[{"@type":"ListItem","position":1,"name":"Home","item":"https:\/\/wihdatec.com\/ar\/"},{"@type":"ListItem","position":2,"name":"\u062f\u0644\u064a\u0644 \u0625\u0639\u0644\u0627\u0646"}]},{"@type":"WebSite","@id":"https:\/\/wihdatec.com\/ar\/#website","url":"https:\/\/wihdatec.com\/ar\/","name":"WIHDA TEC PRO","description":"ANNUAIRE ET ANNONCES  PRO.","publisher":{"@id":"https:\/\/wihdatec.com\/ar\/#organization"},"potentialAction":[{"@type":"SearchAction","target":{"@type":"EntryPoint","urlTemplate":"https:\/\/wihdatec.com\/ar\/?s={search_term_string}"},"query-input":{"@type":"PropertyValueSpecification","valueRequired":true,"valueName":"search_term_string"}}],"inLanguage":"ar"},{"@type":["Organization","Place"],"@id":"https:\/\/wihdatec.com\/ar\/#organization","name":"WIHDA TEC PRO","url":"https:\/\/wihdatec.com\/ar\/","logo":{"@id":"https:\/\/wihdatec.com\/ar\/gestion-des-annonces\/#local-main-organization-logo"},"image":{"@id":"https:\/\/wihdatec.com\/ar\/gestion-des-annonces\/#local-main-organization-logo"},"sameAs":["https:\/\/www.facebook.com\/wihdatecpro"],"hasMerchantReturnPolicy":{"@type":"MerchantReturnPolicy","merchantReturnLink":"https:\/\/wihdatec.com\/politique-de-confidentialite\/"},"telephone":[],"openingHoursSpecification":[{"@type":"OpeningHoursSpecification","dayOfWeek":["Monday","Tuesday","Wednesday","Thursday","Friday","Saturday","Sunday"],"opens":"09:00","closes":"17:00"}]},{"@type":"ImageObject","inLanguage":"ar","@id":"https:\/\/wihdatec.com\/ar\/gestion-des-annonces\/#local-main-organization-logo","url":"https:\/\/wihdatec.com\/wp-content\/uploads\/2024\/08\/logo-wpro-gem-212-35-00.png","contentUrl":"https:\/\/wihdatec.com\/wp-content\/uploads\/2024\/08\/logo-wpro-gem-212-35-00.png","width":212,"height":35,"caption":"WIHDA TEC PRO"}]}},"_links":{"self":[{"href":"https:\/\/wihdatec.com\/ar\/wp-json\/wp\/v2\/pages\/19375","targetHints":{"allow":["GET"]}}],"collection":[{"href":"https:\/\/wihdatec.com\/ar\/wp-json\/wp\/v2\/pages"}],"about":[{"href":"https:\/\/wihdatec.com\/ar\/wp-json\/wp\/v2\/types\/page"}],"author":[{"embeddable":true,"href":"https:\/\/wihdatec.com\/ar\/wp-json\/wp\/v2\/users\/1"}],"replies":[{"embeddable":true,"href":"https:\/\/wihdatec.com\/ar\/wp-json\/wp\/v2\/comments?post=19375"}],"version-history":[{"count":2,"href":"https:\/\/wihdatec.com\/ar\/wp-json\/wp\/v2\/pages\/19375\/revisions"}],"predecessor-version":[{"id":19378,"href":"https:\/\/wihdatec.com\/ar\/wp-json\/wp\/v2\/pages\/19375\/revisions\/19378"}],"wp:featuredmedia":[{"embeddable":true,"href":"https:\/\/wihdatec.com\/ar\/wp-json\/"}],"wp:attachment":[{"href":"https:\/\/wihdatec.com\/ar\/wp-json\/wp\/v2\/media?parent=19375"}],"curies":[{"name":"wp","href":"https:\/\/api.w.org\/{rel}","templated":true}]}}