{"id":18367,"date":"2026-04-23T10:56:57","date_gmt":"2026-04-23T14:56:57","guid":{"rendered":"https:\/\/wihdatec.com\/bannieres\/"},"modified":"2026-04-23T18:53:29","modified_gmt":"2026-04-23T22:53:29","slug":"bannieres","status":"publish","type":"page","link":"https:\/\/wihdatec.com\/en\/bannieres\/","title":{"rendered":"Banners"},"content":{"rendered":"<div class=\"banniere-info-produits\">This advertising banner could be yours!<\/div>\n<div class=\"woocommerce columns-3 \"><ul class=\"products columns-3\">\n<li class=\"col-md-4 masonery_item\">\r\n    <div class=\"dwt_listing_shop-grid foo\">\r\n        <a href=\"https:\/\/wihdatec.com\/en\/product\/banniere-page-annonce-detail\/\" class=\"woocommerce-LoopProduct-link woocommerce-loop-product__link\">        <div class=\"dwt_listing_shop-grid-description\">\r\n            <div class=\"shop-img-rapper\">\r\n                                        <img decoding=\"async\" class=\"img-responsive\" alt=\"Banni\u00e8re page  annonce d\u00e9tail\"\r\n                             src=\"https:\/\/wihdatec.com\/wp-content\/uploads\/2026\/04\/Bannieres-WPro-page-annonce-detail-340-01.jpg\">\r\n                                        <figcaption>\r\n                    <div><i class=\"ti-eye\"><\/i><\/div>\r\n                <\/figcaption>\r\n            <\/div>\r\n            <div class=\"title-wrapper\"><h2 class=\"woocommerce-loop-product__title\">Banni\u00e8re page  annonce d\u00e9tail<\/h2><\/div><div class=\"price-wrapper\">\n<\/div>        <\/div>\r\n        <\/a><a href=\"#\" class=\"button yith-wcqv-button\" data-product_id=\"18374\">Quick View<\/a>    <\/div>\r\n<\/li><li class=\"col-md-4 masonery_item\">\r\n    <div class=\"dwt_listing_shop-grid foo\">\r\n        <a href=\"https:\/\/wihdatec.com\/en\/product\/banniere-page-recherche\/\" class=\"woocommerce-LoopProduct-link woocommerce-loop-product__link\">        <div class=\"dwt_listing_shop-grid-description\">\r\n            <div class=\"shop-img-rapper\">\r\n                                        <img decoding=\"async\" class=\"img-responsive\" alt=\"Banni\u00e8re page recherche\"\r\n                             src=\"https:\/\/wihdatec.com\/wp-content\/uploads\/2026\/04\/Bannieres-WPro-page-recherche-340-01.jpg\">\r\n                                        <figcaption>\r\n                    <div><i class=\"ti-eye\"><\/i><\/div>\r\n                <\/figcaption>\r\n            <\/div>\r\n            <div class=\"title-wrapper\"><h2 class=\"woocommerce-loop-product__title\">Banni\u00e8re page recherche<\/h2><\/div><div class=\"price-wrapper\">\n<\/div>        <\/div>\r\n        <\/a><a href=\"#\" class=\"button yith-wcqv-button\" data-product_id=\"18387\">Quick View<\/a>    <\/div>\r\n<\/li><li class=\"col-md-4 masonery_item\">\r\n    <div class=\"dwt_listing_shop-grid foo\">\r\n        <a href=\"https:\/\/wihdatec.com\/en\/product\/banniere-dynamique-accueil\/\" class=\"woocommerce-LoopProduct-link woocommerce-loop-product__link\">        <div class=\"dwt_listing_shop-grid-description\">\r\n            <div class=\"shop-img-rapper\">\r\n                                        <img decoding=\"async\" class=\"img-responsive\" alt=\"Banni\u00e8re Dynamique Accueil\"\r\n                             src=\"https:\/\/wihdatec.com\/wp-content\/uploads\/2026\/04\/Bannieres-WPro-milieu-accueil-slide-340_00.jpg\">\r\n                                        <figcaption>\r\n                    <div><i class=\"ti-eye\"><\/i><\/div>\r\n                <\/figcaption>\r\n            <\/div>\r\n            <div class=\"title-wrapper\"><h2 class=\"woocommerce-loop-product__title\">Banni\u00e8re Dynamique Accueil<\/h2><\/div><div class=\"price-wrapper\">\n<\/div>        <\/div>\r\n        <\/a><a href=\"#\" class=\"button yith-wcqv-button\" data-product_id=\"18399\">Quick View<\/a>    <\/div>\r\n<\/li><li class=\"col-md-4 masonery_item\">\r\n    <div class=\"dwt_listing_shop-grid foo\">\r\n        <a href=\"https:\/\/wihdatec.com\/en\/product\/banniere-principale\/\" class=\"woocommerce-LoopProduct-link woocommerce-loop-product__link\">        <div class=\"dwt_listing_shop-grid-description\">\r\n            <div class=\"shop-img-rapper\">\r\n                                        <img decoding=\"async\" class=\"img-responsive\" alt=\"Main homepage banner\"\r\n                             src=\"https:\/\/wihdatec.com\/wp-content\/uploads\/2026\/04\/Bannieres-WPro-milieu-accueil-haut-340-01.jpg\">\r\n                                        <figcaption>\r\n                    <div><i class=\"ti-eye\"><\/i><\/div>\r\n                <\/figcaption>\r\n            <\/div>\r\n            <div class=\"title-wrapper\"><h2 class=\"woocommerce-loop-product__title\">Main homepage banner<\/h2><\/div><div class=\"price-wrapper\">\n<\/div>        <\/div>\r\n        <\/a><a href=\"#\" class=\"button yith-wcqv-button\" data-product_id=\"18410\">Quick View<\/a>    <\/div>\r\n<\/li><\/ul>\n<\/div>\n\n\n\n<p><\/p>\n","protected":false},"excerpt":{"rendered":"This advertising banner could be yours! Banni\u00e8re page annonce d\u00e9tail Quick View Banni\u00e8re page recherche Quick View Banni\u00e8re Dynamique Accueil Quick View Main homepage banner Quick View","protected":false},"author":1,"featured_media":0,"parent":0,"menu_order":0,"comment_status":"closed","ping_status":"closed","template":"","meta":{"footnotes":""},"class_list":["post-18367","page","type-page","status-publish","hentry"],"yoast_head":"<!-- This site is optimized with the Yoast SEO Premium plugin v27.3 (Yoast SEO v27.3) - https:\/\/yoast.com\/product\/yoast-seo-premium-wordpress\/ -->\n<title>Banners - Wihda Tec Pro<\/title>\n<meta name=\"robots\" content=\"index, follow, max-snippet:-1, max-image-preview:large, max-video-preview:-1\" \/>\n<link rel=\"canonical\" href=\"https:\/\/wihdatec.com\/en\/bannieres\/\" \/>\n<meta property=\"og:locale\" content=\"en_US\" \/>\n<meta property=\"og:type\" content=\"article\" \/>\n<meta property=\"og:title\" content=\"Banners\" \/>\n<meta property=\"og:url\" content=\"https:\/\/wihdatec.com\/en\/bannieres\/\" \/>\n<meta property=\"og:site_name\" content=\"Wihda Tec Pro\" \/>\n<meta property=\"article:publisher\" content=\"https:\/\/www.facebook.com\/wihdatecpro\" \/>\n<meta property=\"article:modified_time\" content=\"2026-04-23T22:53:29+00:00\" \/>\n<meta name=\"twitter:card\" content=\"summary_large_image\" \/>\n<script type=\"application\/ld+json\" class=\"yoast-schema-graph\">{\"@context\":\"https:\\\/\\\/schema.org\",\"@graph\":[{\"@type\":\"WebPage\",\"@id\":\"https:\\\/\\\/wihdatec.com\\\/en\\\/bannieres\\\/\",\"url\":\"https:\\\/\\\/wihdatec.com\\\/en\\\/bannieres\\\/\",\"name\":\"Banners - Wihda Tec Pro\",\"isPartOf\":{\"@id\":\"https:\\\/\\\/wihdatec.com\\\/en\\\/#website\"},\"datePublished\":\"2026-04-23T14:56:57+00:00\",\"dateModified\":\"2026-04-23T22:53:29+00:00\",\"breadcrumb\":{\"@id\":\"https:\\\/\\\/wihdatec.com\\\/en\\\/bannieres\\\/#breadcrumb\"},\"inLanguage\":\"en-US\",\"potentialAction\":[{\"@type\":\"ReadAction\",\"target\":[\"https:\\\/\\\/wihdatec.com\\\/en\\\/bannieres\\\/\"]}]},{\"@type\":\"BreadcrumbList\",\"@id\":\"https:\\\/\\\/wihdatec.com\\\/en\\\/bannieres\\\/#breadcrumb\",\"itemListElement\":[{\"@type\":\"ListItem\",\"position\":1,\"name\":\"Home\",\"item\":\"https:\\\/\\\/wihdatec.com\\\/en\\\/\"},{\"@type\":\"ListItem\",\"position\":2,\"name\":\"Banners\"}]},{\"@type\":\"WebSite\",\"@id\":\"https:\\\/\\\/wihdatec.com\\\/en\\\/#website\",\"url\":\"https:\\\/\\\/wihdatec.com\\\/en\\\/\",\"name\":\"WIHDA TEC PRO\",\"description\":\"ANNUAIRE ET ANNONCES  PRO.\",\"publisher\":{\"@id\":\"https:\\\/\\\/wihdatec.com\\\/en\\\/#organization\"},\"potentialAction\":[{\"@type\":\"SearchAction\",\"target\":{\"@type\":\"EntryPoint\",\"urlTemplate\":\"https:\\\/\\\/wihdatec.com\\\/en\\\/?s={search_term_string}\"},\"query-input\":{\"@type\":\"PropertyValueSpecification\",\"valueRequired\":true,\"valueName\":\"search_term_string\"}}],\"inLanguage\":\"en-US\"},{\"@type\":[\"Organization\",\"Place\"],\"@id\":\"https:\\\/\\\/wihdatec.com\\\/en\\\/#organization\",\"name\":\"WIHDA TEC PRO\",\"url\":\"https:\\\/\\\/wihdatec.com\\\/en\\\/\",\"logo\":{\"@id\":\"https:\\\/\\\/wihdatec.com\\\/en\\\/bannieres\\\/#local-main-organization-logo\"},\"image\":{\"@id\":\"https:\\\/\\\/wihdatec.com\\\/en\\\/bannieres\\\/#local-main-organization-logo\"},\"sameAs\":[\"https:\\\/\\\/www.facebook.com\\\/wihdatecpro\"],\"hasMerchantReturnPolicy\":{\"@type\":\"MerchantReturnPolicy\",\"merchantReturnLink\":\"https:\\\/\\\/wihdatec.com\\\/politique-de-confidentialite\\\/\"},\"telephone\":[],\"openingHoursSpecification\":[{\"@type\":\"OpeningHoursSpecification\",\"dayOfWeek\":[\"Monday\",\"Tuesday\",\"Wednesday\",\"Thursday\",\"Friday\",\"Saturday\",\"Sunday\"],\"opens\":\"09:00\",\"closes\":\"17:00\"}]},{\"@type\":\"ImageObject\",\"inLanguage\":\"en-US\",\"@id\":\"https:\\\/\\\/wihdatec.com\\\/en\\\/bannieres\\\/#local-main-organization-logo\",\"url\":\"https:\\\/\\\/wihdatec.com\\\/wp-content\\\/uploads\\\/2024\\\/08\\\/logo-wpro-gem-212-35-00.png\",\"contentUrl\":\"https:\\\/\\\/wihdatec.com\\\/wp-content\\\/uploads\\\/2024\\\/08\\\/logo-wpro-gem-212-35-00.png\",\"width\":212,\"height\":35,\"caption\":\"WIHDA TEC PRO\"}]}<\/script>\n<!-- \/ Yoast SEO Premium plugin. -->","yoast_head_json":{"title":"Banners - Wihda Tec Pro","robots":{"index":"index","follow":"follow","max-snippet":"max-snippet:-1","max-image-preview":"max-image-preview:large","max-video-preview":"max-video-preview:-1"},"canonical":"https:\/\/wihdatec.com\/en\/bannieres\/","og_locale":"en_US","og_type":"article","og_title":"Banners","og_url":"https:\/\/wihdatec.com\/en\/bannieres\/","og_site_name":"Wihda Tec Pro","article_publisher":"https:\/\/www.facebook.com\/wihdatecpro","article_modified_time":"2026-04-23T22:53:29+00:00","twitter_card":"summary_large_image","schema":{"@context":"https:\/\/schema.org","@graph":[{"@type":"WebPage","@id":"https:\/\/wihdatec.com\/en\/bannieres\/","url":"https:\/\/wihdatec.com\/en\/bannieres\/","name":"Banners - Wihda Tec Pro","isPartOf":{"@id":"https:\/\/wihdatec.com\/en\/#website"},"datePublished":"2026-04-23T14:56:57+00:00","dateModified":"2026-04-23T22:53:29+00:00","breadcrumb":{"@id":"https:\/\/wihdatec.com\/en\/bannieres\/#breadcrumb"},"inLanguage":"en-US","potentialAction":[{"@type":"ReadAction","target":["https:\/\/wihdatec.com\/en\/bannieres\/"]}]},{"@type":"BreadcrumbList","@id":"https:\/\/wihdatec.com\/en\/bannieres\/#breadcrumb","itemListElement":[{"@type":"ListItem","position":1,"name":"Home","item":"https:\/\/wihdatec.com\/en\/"},{"@type":"ListItem","position":2,"name":"Banners"}]},{"@type":"WebSite","@id":"https:\/\/wihdatec.com\/en\/#website","url":"https:\/\/wihdatec.com\/en\/","name":"WIHDA TEC PRO","description":"ANNUAIRE ET ANNONCES  PRO.","publisher":{"@id":"https:\/\/wihdatec.com\/en\/#organization"},"potentialAction":[{"@type":"SearchAction","target":{"@type":"EntryPoint","urlTemplate":"https:\/\/wihdatec.com\/en\/?s={search_term_string}"},"query-input":{"@type":"PropertyValueSpecification","valueRequired":true,"valueName":"search_term_string"}}],"inLanguage":"en-US"},{"@type":["Organization","Place"],"@id":"https:\/\/wihdatec.com\/en\/#organization","name":"WIHDA TEC PRO","url":"https:\/\/wihdatec.com\/en\/","logo":{"@id":"https:\/\/wihdatec.com\/en\/bannieres\/#local-main-organization-logo"},"image":{"@id":"https:\/\/wihdatec.com\/en\/bannieres\/#local-main-organization-logo"},"sameAs":["https:\/\/www.facebook.com\/wihdatecpro"],"hasMerchantReturnPolicy":{"@type":"MerchantReturnPolicy","merchantReturnLink":"https:\/\/wihdatec.com\/politique-de-confidentialite\/"},"telephone":[],"openingHoursSpecification":[{"@type":"OpeningHoursSpecification","dayOfWeek":["Monday","Tuesday","Wednesday","Thursday","Friday","Saturday","Sunday"],"opens":"09:00","closes":"17:00"}]},{"@type":"ImageObject","inLanguage":"en-US","@id":"https:\/\/wihdatec.com\/en\/bannieres\/#local-main-organization-logo","url":"https:\/\/wihdatec.com\/wp-content\/uploads\/2024\/08\/logo-wpro-gem-212-35-00.png","contentUrl":"https:\/\/wihdatec.com\/wp-content\/uploads\/2024\/08\/logo-wpro-gem-212-35-00.png","width":212,"height":35,"caption":"WIHDA TEC PRO"}]}},"_links":{"self":[{"href":"https:\/\/wihdatec.com\/en\/wp-json\/wp\/v2\/pages\/18367","targetHints":{"allow":["GET"]}}],"collection":[{"href":"https:\/\/wihdatec.com\/en\/wp-json\/wp\/v2\/pages"}],"about":[{"href":"https:\/\/wihdatec.com\/en\/wp-json\/wp\/v2\/types\/page"}],"author":[{"embeddable":true,"href":"https:\/\/wihdatec.com\/en\/wp-json\/wp\/v2\/users\/1"}],"replies":[{"embeddable":true,"href":"https:\/\/wihdatec.com\/en\/wp-json\/wp\/v2\/comments?post=18367"}],"version-history":[{"count":2,"href":"https:\/\/wihdatec.com\/en\/wp-json\/wp\/v2\/pages\/18367\/revisions"}],"predecessor-version":[{"id":18423,"href":"https:\/\/wihdatec.com\/en\/wp-json\/wp\/v2\/pages\/18367\/revisions\/18423"}],"wp:attachment":[{"href":"https:\/\/wihdatec.com\/en\/wp-json\/wp\/v2\/media?parent=18367"}],"curies":[{"name":"wp","href":"https:\/\/api.w.org\/{rel}","templated":true}]}}